{"id":10905,"date":"2019-09-17T15:50:17","date_gmt":"2019-09-17T15:50:17","guid":{"rendered":"https:\/\/campusjames.com\/contact\/"},"modified":"2022-12-07T15:23:20","modified_gmt":"2022-12-07T15:23:20","slug":"contact","status":"publish","type":"page","link":"https:\/\/campusjames.com\/en\/contact\/","title":{"rendered":"Contact"},"content":{"rendered":"\t\t<div data-elementor-type=\"wp-page\" data-elementor-id=\"10905\" class=\"elementor elementor-10905 elementor-36\">\n\t\t\t\t\t\t<section class=\"elementor-section elementor-top-section elementor-element elementor-element-282b6f9c elementor-section-height-min-height elementor-section-stretched elementor-section-boxed elementor-section-height-default elementor-section-items-middle\" data-id=\"282b6f9c\" data-element_type=\"section\" data-settings=\"{&quot;background_background&quot;:&quot;classic&quot;,&quot;stretch_section&quot;:&quot;section-stretched&quot;}\">\n\t\t\t\t\t\t\t<div class=\"elementor-background-overlay\"><\/div>\n\t\t\t\t\t\t\t<div class=\"elementor-container elementor-column-gap-default\">\n\t\t\t\t\t<div class=\"elementor-column elementor-col-100 elementor-top-column elementor-element elementor-element-1d8f8ccd\" data-id=\"1d8f8ccd\" data-element_type=\"column\">\n\t\t\t<div class=\"elementor-widget-wrap elementor-element-populated\">\n\t\t\t\t\t\t<div class=\"elementor-element elementor-element-a9b09b2 elementor-widget elementor-widget-heading\" data-id=\"a9b09b2\" data-element_type=\"widget\" data-widget_type=\"heading.default\">\n\t\t\t\t\t\t<div class=\"elementor-widget-container\">\n\t\t\t\t\t<h1 class=\"elementor-heading-title elementor-size-default\">We help you with your thesis\n<\/h1>\t\t\t\t<\/div>\n\t\t\t\t<\/div>\n\t\t\t\t\t<\/div>\n\t\t<\/div>\n\t\t\t\t\t<\/div>\n\t\t<\/section>\n\t\t\t\t<section class=\"elementor-section elementor-top-section elementor-element elementor-element-3fa3e13 elementor-section-full_width elementor-section-height-default elementor-section-height-default\" data-id=\"3fa3e13\" data-element_type=\"section\" data-settings=\"{&quot;background_background&quot;:&quot;classic&quot;}\">\n\t\t\t\t\t\t<div class=\"elementor-container elementor-column-gap-no\">\n\t\t\t\t\t<div class=\"elementor-column elementor-col-100 elementor-top-column elementor-element elementor-element-7674f98\" data-id=\"7674f98\" data-element_type=\"column\">\n\t\t\t<div class=\"elementor-widget-wrap elementor-element-populated\">\n\t\t\t\t\t\t<div class=\"elementor-element elementor-element-41a6a61 elementor-widget elementor-widget-video\" data-id=\"41a6a61\" data-element_type=\"widget\" data-settings=\"{&quot;youtube_url&quot;:&quot;https:\\\/\\\/www.youtube.com\\\/watch?v=bLi11oCLXw0&quot;,&quot;loop&quot;:&quot;yes&quot;,&quot;yt_privacy&quot;:&quot;yes&quot;,&quot;video_type&quot;:&quot;youtube&quot;,&quot;controls&quot;:&quot;yes&quot;}\" data-widget_type=\"video.default\">\n\t\t\t\t\t\t<div class=\"elementor-widget-container\">\n\t\t\t\t\t\t\t<div class=\"elementor-wrapper elementor-open-inline\">\n\t\t\t<div class=\"elementor-video\"><\/div>\t\t<\/div>\n\t\t\t\t\t\t<\/div>\n\t\t\t\t<\/div>\n\t\t\t\t\t<\/div>\n\t\t<\/div>\n\t\t\t\t\t<\/div>\n\t\t<\/section>\n\t\t\t\t<section class=\"elementor-section elementor-top-section elementor-element elementor-element-75b2a72 elementor-section-boxed elementor-section-height-default elementor-section-height-default\" data-id=\"75b2a72\" data-element_type=\"section\">\n\t\t\t\t\t\t<div class=\"elementor-container elementor-column-gap-default\">\n\t\t\t\t\t<div class=\"elementor-column elementor-col-100 elementor-top-column elementor-element elementor-element-2fd1f26\" data-id=\"2fd1f26\" data-element_type=\"column\">\n\t\t\t<div class=\"elementor-widget-wrap elementor-element-populated\">\n\t\t\t\t\t\t<div class=\"elementor-element elementor-element-42daee1 elementor-widget elementor-widget-heading\" data-id=\"42daee1\" data-element_type=\"widget\" data-widget_type=\"heading.default\">\n\t\t\t\t\t\t<div class=\"elementor-widget-container\">\n\t\t\t\t\t<h2 class=\"elementor-heading-title elementor-size-default\">Make a non-binding request<\/h2>\t\t\t\t<\/div>\n\t\t\t\t<\/div>\n\t\t\t\t<div class=\"elementor-element elementor-element-b16c2ae elementor-widget elementor-widget-text-editor\" data-id=\"b16c2ae\" data-element_type=\"widget\" data-widget_type=\"text-editor.default\">\n\t\t\t\t\t\t<div class=\"elementor-widget-container\">\n\t\t\t\t\t\t\t\t\t<p>Free consultation under: <em>0151-40419818<\/em><\/p>\n\t\t\t\t\t\t\t\t<\/div>\n\t\t\t\t<\/div>\n\t\t\t\t<div class=\"elementor-element elementor-element-ba20c7c elementor-widget elementor-widget-shortcode\" data-id=\"ba20c7c\" data-element_type=\"widget\" data-widget_type=\"shortcode.default\">\n\t\t\t\t\t\t<div class=\"elementor-widget-container\">\n\t\t\t\t\t\t\t<div class=\"elementor-shortcode\">\n<div class=\"wpcf7 no-js\" id=\"wpcf7-f4385-o1\" lang=\"de-DE\" dir=\"ltr\" data-wpcf7-id=\"4385\">\n<div class=\"screen-reader-response\"><p role=\"status\" aria-live=\"polite\" aria-atomic=\"true\"><\/p> <ul><\/ul><\/div>\n<form action=\"\/en\/wp-json\/wp\/v2\/pages\/10905#wpcf7-f4385-o1\" method=\"post\" class=\"wpcf7-form init wpcf7-acceptance-as-validation\" aria-label=\"Kontaktformular\" enctype=\"multipart\/form-data\" novalidate=\"novalidate\" data-status=\"init\">\n<fieldset class=\"hidden-fields-container\"><input type=\"hidden\" name=\"_wpcf7\" value=\"4385\" \/><input type=\"hidden\" name=\"_wpcf7_version\" value=\"6.1.2\" \/><input type=\"hidden\" name=\"_wpcf7_locale\" value=\"de_DE\" \/><input type=\"hidden\" name=\"_wpcf7_unit_tag\" value=\"wpcf7-f4385-o1\" \/><input type=\"hidden\" name=\"_wpcf7_container_post\" value=\"0\" \/><input type=\"hidden\" name=\"_wpcf7_posted_data_hash\" value=\"\" \/>\n<\/fieldset>\n<p><label> Wie k\u00f6nnen wir dir helfen? <\/label><br \/>\n<span class=\"wpcf7-form-control-wrap\" data-name=\"checkbox\"><span class=\"wpcf7-form-control wpcf7-checkbox\"><span class=\"wpcf7-list-item first\"><label><input type=\"checkbox\" name=\"checkbox[]\" value=\"Ghostwriting\" \/><span class=\"wpcf7-list-item-label\">Ghostwriting<\/span><\/label><\/span><span class=\"wpcf7-list-item\"><label><input type=\"checkbox\" name=\"checkbox[]\" value=\"Coaching\" \/><span class=\"wpcf7-list-item-label\">Coaching<\/span><\/label><\/span><span class=\"wpcf7-list-item last\"><label><input type=\"checkbox\" name=\"checkbox[]\" value=\"Optimierung \/ Lektorat\" \/><span class=\"wpcf7-list-item-label\">Optimierung \/ Lektorat<\/span><\/label><\/span><\/span><\/span>\n<\/p>\n<p><label> Termin zur Fertigstellungs<br \/>\n<span class=\"wpcf7-form-control-wrap\" data-name=\"termin-zur-fertigstellung\"><input size=\"40\" maxlength=\"400\" class=\"wpcf7-form-control wpcf7-text\" aria-invalid=\"false\" value=\"\" type=\"text\" name=\"termin-zur-fertigstellung\" \/><\/span> <\/label>\n<\/p>\n<p><label> Fachbereich<br \/>\n<span class=\"wpcf7-form-control-wrap\" data-name=\"fachbereich\"><input size=\"40\" maxlength=\"400\" class=\"wpcf7-form-control wpcf7-text\" aria-invalid=\"false\" value=\"\" type=\"text\" name=\"fachbereich\" \/><\/span> <\/label>\n<\/p>\n<p><label> Wie viele Seiten hat deine Arbeit insgesamt?<br \/>\n<span class=\"wpcf7-form-control-wrap\" data-name=\"seiten-gesamt\"><input size=\"40\" maxlength=\"400\" class=\"wpcf7-form-control wpcf7-text\" aria-invalid=\"false\" value=\"\" type=\"text\" name=\"seiten-gesamt\" \/><\/span> <\/label>\n<\/p>\n<p><label> Bei wie vielen Seiten brauchst du unsere Hilfe?*<\/label><br \/>\n<span class=\"wpcf7-form-control-wrap\" data-name=\"seiten-zu-bearbeiten-neu\"><select class=\"wpcf7-form-control wpcf7-select wpcf7-validates-as-required\" aria-required=\"true\" aria-invalid=\"false\" name=\"seiten-zu-bearbeiten-neu\"><option value=\"0-9\">0-9<\/option><option value=\"10-19\">10-19<\/option><option value=\"20-29\">20-29<\/option><option value=\"30-39\">30-39<\/option><option value=\"40-49\">40-49<\/option><option value=\"50-59\">50-59<\/option><option value=\"60-69\">60-69<\/option><option value=\"70 oder mehr\">70 oder mehr<\/option><\/select><\/span>\n<\/p>\n<p><label> Beschreibung des Auftrages<br \/>\n<span class=\"wpcf7-form-control-wrap\" data-name=\"beschreibung\"><textarea cols=\"40\" rows=\"10\" maxlength=\"2000\" class=\"wpcf7-form-control wpcf7-textarea wpcf7-validates-as-required\" aria-required=\"true\" aria-invalid=\"false\" name=\"beschreibung\"><\/textarea><\/span> <\/label>\n<\/p>\n<p><label> Deine E-Mail-Adresse<br \/>\n<span class=\"wpcf7-form-control-wrap\" data-name=\"email\"><input size=\"40\" maxlength=\"400\" class=\"wpcf7-form-control wpcf7-email wpcf7-validates-as-required wpcf7-text wpcf7-validates-as-email\" aria-required=\"true\" aria-invalid=\"false\" value=\"\" type=\"email\" name=\"email\" \/><\/span> <\/label>\n<\/p>\n<p><label> Telefon (bitte mit Landesvorwahl)<br \/>\n<span class=\"wpcf7-form-control-wrap\" data-name=\"phone\"><input size=\"40\" maxlength=\"400\" class=\"wpcf7-form-control wpcf7-text\" aria-invalid=\"false\" value=\"+49\" type=\"text\" name=\"phone\" \/><\/span> <\/label><br \/>\n<span style=\"color: red\">Zur zeitnahen Bearbeitung wird die Angabe ihrer Rufnummer empfohlen.<\/span>\n<\/p>\n<p>Dokumente hochladen (Anforderungen, Gliederung, Arbeitsstand, Literaturlisten, ...)<br \/>\n{Achtung: Maximal 2MB pro Datei und nur PDF, Docs oder JPG Dateien sind erlaubt}<br \/>\n<span class=\"wpcf7-form-control-wrap\" data-name=\"anhang1\"><input size=\"40\" class=\"wpcf7-form-control wpcf7-file\" accept=\".doc,.docs,.pdf,.jpg\" aria-invalid=\"false\" type=\"file\" name=\"anhang1\" \/><\/span><br \/>\n<span class=\"wpcf7-form-control-wrap\" data-name=\"anhang2\"><input size=\"40\" class=\"wpcf7-form-control wpcf7-file\" accept=\".doc,.docs,.pdf,.jpg\" aria-invalid=\"false\" type=\"file\" name=\"anhang2\" \/><\/span><br \/>\n<span class=\"wpcf7-form-control-wrap\" data-name=\"anhang3\"><input size=\"40\" class=\"wpcf7-form-control wpcf7-file\" accept=\".doc,.docs,.pdf,.jpg\" aria-invalid=\"false\" type=\"file\" name=\"anhang3\" \/><\/span>\n<\/p>\n<p><label><br \/>\nDatenschutz<br \/>\n<span class=\"wpcf7-form-control-wrap\" data-name=\"data-privacy\"><span class=\"wpcf7-form-control wpcf7-acceptance\"><span class=\"wpcf7-list-item\"><label><input type=\"checkbox\" name=\"data-privacy\" value=\"1\" aria-invalid=\"false\" \/><span class=\"wpcf7-list-item-label\">Sie erkl\u00e4ren sich damit einverstanden, dass Ihre Daten zur Bearbeitung Ihres Anliegens verwendet werden. Weitere Informationen und Widerrufshinweise finden Sie in der <a href=\"https:\/\/campusjames.com\/privacy-policy\/\">Datenschutzerkl\u00e4rung<\/a>.<\/span><\/label><\/span><\/span><\/span><br \/>\n<\/label>\n<\/p>\n<div style=\"display:none\">\n\t<p><span class=\"wpcf7-form-control-wrap\" data-name=\"google-tracking-field\"><textarea cols=\"40\" rows=\"10\" maxlength=\"2000\" class=\"wpcf7-form-control wpcf7-textarea\" aria-invalid=\"false\" name=\"google-tracking-field\"><\/textarea><\/span>\n\t<\/p>\n<\/div>\n<p><label><br \/>\nNewsletter<br \/>\n<span class=\"wpcf7-form-control-wrap\" data-name=\"newsletter\"><span class=\"wpcf7-form-control wpcf7-acceptance optional\"><span class=\"wpcf7-list-item\"><label><input type=\"checkbox\" name=\"newsletter\" value=\"1\" aria-invalid=\"false\" \/><span class=\"wpcf7-list-item-label\">Sie erkl\u00e4ren sich damit einverstanden, dass die James24 UG Ihnen regelm\u00e4\u00dfig Informationen zu folgendem Produktsortiment per E-Mail zuschickt: Tipps f\u00fcr Studenten sowie Produkte und Dienstleistungen von Partnern und Tochterunternehmen. Ihre Einwilligung k\u00f6nnen Sie jederzeit gegen\u00fcber der James24 UG widerrufen. Weitere Informationen und Widerrufshinweise finden Sie in der <a href=\"https:\/\/campusjames.com\/privacy-policy\/\">Datenschutzerkl\u00e4rung<\/a>.<\/span><\/label><\/span><\/span><\/span><br \/>\n<\/label>\n<\/p>\n<p><input class=\"wpcf7-form-control wpcf7-submit has-spinner\" type=\"submit\" value=\"Anfrage senden\" \/>\n<\/p><div class=\"wpcf7-response-output\" aria-hidden=\"true\"><\/div>\n<\/form>\n<\/div>\n<\/div>\n\t\t\t\t\t\t<\/div>\n\t\t\t\t<\/div>\n\t\t\t\t<div class=\"elementor-element elementor-element-ac010fa elementor-widget elementor-widget-html\" data-id=\"ac010fa\" data-element_type=\"widget\" data-widget_type=\"html.default\">\n\t\t\t\t\t\t<div class=\"elementor-widget-container\">\n\t\t\t\t\t<script src=\"https:\/\/campusjames.com\/wp-content\/tracking\/getCookies.js\"><\/script>\t\t\t\t<\/div>\n\t\t\t\t<\/div>\n\t\t\t\t\t<\/div>\n\t\t<\/div>\n\t\t\t\t\t<\/div>\n\t\t<\/section>\n\t\t\t\t<\/div>\n\t\t","protected":false},"excerpt":{"rendered":"<p>We help you with your thesis Make a non-binding request Free consultation under: 0151-40419818<\/p>\n","protected":false},"author":1,"featured_media":0,"parent":0,"menu_order":0,"comment_status":"closed","ping_status":"closed","template":"","meta":{"_acf_changed":false,"inline_featured_image":false,"_uag_custom_page_level_css":"","_lmt_disableupdate":"","_lmt_disable":"","_kad_blocks_custom_css":"","_kad_blocks_head_custom_js":"","_kad_blocks_body_custom_js":"","_kad_blocks_footer_custom_js":"","_kad_post_transparent":"","_kad_post_title":"","_kad_post_layout":"","_kad_post_sidebar_id":"","_kad_post_content_style":"","_kad_post_vertical_padding":"","_kad_post_feature":"","_kad_post_feature_position":"","_kad_post_header":false,"_kad_post_footer":false,"_kad_post_classname":"","footnotes":""},"class_list":["post-10905","page","type-page","status-publish","hentry"],"acf":[],"taxonomy_info":[],"featured_image_src_large":false,"author_info":{"display_name":"Jens Kuppe","author_link":"https:\/\/campusjames.com\/en\/autor\/jenskuppe\/"},"comment_info":0,"uagb_featured_image_src":{"full":false,"thumbnail":false,"medium":false,"medium_large":false,"large":false,"1536x1536":false,"2048x2048":false},"uagb_author_info":{"display_name":"Jens Kuppe","author_link":"https:\/\/campusjames.com\/en\/autor\/jenskuppe\/"},"uagb_comment_info":0,"uagb_excerpt":"We help you with your thesis Make a non-binding request Free consultation under: 0151-40419818","_links":{"self":[{"href":"https:\/\/campusjames.com\/en\/wp-json\/wp\/v2\/pages\/10905","targetHints":{"allow":["GET"]}}],"collection":[{"href":"https:\/\/campusjames.com\/en\/wp-json\/wp\/v2\/pages"}],"about":[{"href":"https:\/\/campusjames.com\/en\/wp-json\/wp\/v2\/types\/page"}],"author":[{"embeddable":true,"href":"https:\/\/campusjames.com\/en\/wp-json\/wp\/v2\/users\/1"}],"replies":[{"embeddable":true,"href":"https:\/\/campusjames.com\/en\/wp-json\/wp\/v2\/comments?post=10905"}],"version-history":[{"count":1,"href":"https:\/\/campusjames.com\/en\/wp-json\/wp\/v2\/pages\/10905\/revisions"}],"predecessor-version":[{"id":10906,"href":"https:\/\/campusjames.com\/en\/wp-json\/wp\/v2\/pages\/10905\/revisions\/10906"}],"wp:attachment":[{"href":"https:\/\/campusjames.com\/en\/wp-json\/wp\/v2\/media?parent=10905"}],"curies":[{"name":"wp","href":"https:\/\/api.w.org\/{rel}","templated":true}]}}